{"id":873,"date":"2026-01-27T18:27:11","date_gmt":"2026-01-27T17:27:11","guid":{"rendered":"https:\/\/kancelaria.astrotea.pl\/?page_id=873"},"modified":"2026-03-18T22:10:54","modified_gmt":"2026-03-18T21:10:54","slug":"kontakt","status":"publish","type":"page","link":"https:\/\/adwokatholowczyc.pl\/en\/kontakt\/","title":{"rendered":"Contact"},"content":{"rendered":"\t\t<div data-elementor-type=\"wp-page\" data-elementor-id=\"873\" class=\"elementor elementor-873\" data-elementor-post-type=\"page\">\n\t\t\t\t<div class=\"elementor-element elementor-element-bdff19a pad-100 e-flex e-con-boxed e-con e-parent\" data-id=\"bdff19a\" data-element_type=\"container\" data-e-type=\"container\" data-settings=\"{&quot;background_background&quot;:&quot;classic&quot;}\">\n\t\t\t\t\t<div class=\"e-con-inner\">\n\t\t<div class=\"elementor-element elementor-element-633399a e-con-full e-flex e-con e-child\" data-id=\"633399a\" data-element_type=\"container\" data-e-type=\"container\">\n\t\t<div class=\"elementor-element elementor-element-3a957ba e-con-full e-flex e-con e-child\" data-id=\"3a957ba\" data-element_type=\"container\" data-e-type=\"container\">\n\t\t\t\t<div class=\"elementor-element elementor-element-a25ba75 elementor-widget__width-initial elementor-invisible elementor-widget elementor-widget-heading\" data-id=\"a25ba75\" data-element_type=\"widget\" data-e-type=\"widget\" data-settings=\"{&quot;_animation&quot;:&quot;fadeIn&quot;}\" data-widget_type=\"heading.default\">\n\t\t\t\t\t<h1 class=\"elementor-heading-title elementor-size-default\">Stawiamy na\u00a0dobry kontakt<\/h1>\t\t\t\t<\/div>\n\t\t\t\t<div class=\"elementor-element elementor-element-e113f09 elementor-widget__width-initial elementor-widget-tablet__width-inherit elementor-widget-mobile__width-initial elementor-invisible elementor-widget elementor-widget-text-editor\" data-id=\"e113f09\" data-element_type=\"widget\" data-e-type=\"widget\" data-settings=\"{&quot;_animation&quot;:&quot;fadeIn&quot;,&quot;_animation_delay&quot;:300}\" data-widget_type=\"text-editor.default\">\n\t\t\t\t\t\t\t\t\t<p>Napisz do nas, odpowiemy osobi\u015bcie w ci\u0105gu 48h.<\/p>\t\t\t\t\t\t\t\t<\/div>\n\t\t\t\t<\/div>\n\t\t<div class=\"elementor-element elementor-element-48a365f e-con-full e-flex elementor-invisible e-con e-child\" data-id=\"48a365f\" data-element_type=\"container\" data-e-type=\"container\" data-settings=\"{&quot;animation&quot;:&quot;fadeIn&quot;,&quot;animation_delay&quot;:600}\">\n\t\t\t\t<div class=\"elementor-element elementor-element-43f09d2 elementor-icon-list--layout-traditional elementor-list-item-link-full_width elementor-widget elementor-widget-icon-list\" data-id=\"43f09d2\" data-element_type=\"widget\" data-e-type=\"widget\" data-widget_type=\"icon-list.default\">\n\t\t\t\t\t\t\t<ul class=\"elementor-icon-list-items\">\n\t\t\t\t\t\t\t<li class=\"elementor-icon-list-item\">\n\t\t\t\t\t\t\t\t\t\t\t<a href=\"mailto:kancelaria@adwokatholowczyc.pl\">\n\n\t\t\t\t\t\t\t\t\t\t\t<span class=\"elementor-icon-list-text\">kancelaria@adwokatholowczyc.pl<\/span>\n\t\t\t\t\t\t\t\t\t\t\t<\/a>\n\t\t\t\t\t\t\t\t\t<\/li>\n\t\t\t\t\t\t\t\t<li class=\"elementor-icon-list-item\">\n\t\t\t\t\t\t\t\t\t\t\t<a href=\"tel:+48%20600%20342%20245\">\n\n\t\t\t\t\t\t\t\t\t\t\t<span class=\"elementor-icon-list-text\">+48 600 342 245<\/span>\n\t\t\t\t\t\t\t\t\t\t\t<\/a>\n\t\t\t\t\t\t\t\t\t<\/li>\n\t\t\t\t\t\t<\/ul>\n\t\t\t\t\t\t<\/div>\n\t\t\t\t<div class=\"elementor-element elementor-element-3119684 elementor-icon-list--layout-traditional elementor-list-item-link-full_width elementor-widget elementor-widget-icon-list\" data-id=\"3119684\" data-element_type=\"widget\" data-e-type=\"widget\" data-widget_type=\"icon-list.default\">\n\t\t\t\t\t\t\t<ul class=\"elementor-icon-list-items\">\n\t\t\t\t\t\t\t<li class=\"elementor-icon-list-item\">\n\t\t\t\t\t\t\t\t\t\t<span class=\"elementor-icon-list-text\">ul. 23 Lutego 11\/1A, Pozna\u0144<\/span>\n\t\t\t\t\t\t\t\t\t<\/li>\n\t\t\t\t\t\t<\/ul>\n\t\t\t\t\t\t<\/div>\n\t\t\t\t<\/div>\n\t\t\t\t<\/div>\n\t\t\t\t<div class=\"elementor-element elementor-element-2168dde elementor-button-align-start elementor-widget__width-initial elementor-widget-tablet__width-initial formularz elementor-invisible elementor-widget elementor-widget-form\" data-id=\"2168dde\" data-element_type=\"widget\" data-e-type=\"widget\" data-settings=\"{&quot;step_next_label&quot;:&quot;Nast\\u0119pny&quot;,&quot;step_previous_label&quot;:&quot;Poprzedni&quot;,&quot;_animation&quot;:&quot;fadeIn&quot;,&quot;_animation_delay&quot;:300,&quot;button_width&quot;:&quot;100&quot;,&quot;step_type&quot;:&quot;number_text&quot;,&quot;step_icon_shape&quot;:&quot;circle&quot;}\" data-widget_type=\"form.default\">\n\t\t\t\t\t\t\t<form class=\"elementor-form\" method=\"post\" name=\"Kontakt\" aria-label=\"Kontakt\">\n\t\t\t<input type=\"hidden\" name=\"post_id\" value=\"873\"\/>\n\t\t\t<input type=\"hidden\" name=\"form_id\" value=\"2168dde\"\/>\n\t\t\t<input type=\"hidden\" name=\"referer_title\" value=\"Chcesz si\u0119 rozwie\u015b\u0107? Napisz do nas &#8226; Kancelaria Pozna\u0144\" \/>\n\n\t\t\t\t\t\t\t<input type=\"hidden\" name=\"queried_id\" value=\"873\"\/>\n\t\t\t\n\t\t\t<div class=\"elementor-form-fields-wrapper elementor-labels-\">\n\t\t\t\t\t\t\t\t<div class=\"elementor-field-type-text elementor-field-group elementor-column elementor-field-group-field_885ec6a elementor-col-100 elementor-field-required\">\n\t\t\t\t\t\t\t\t\t\t\t\t<label for=\"form-field-field_885ec6a\" class=\"elementor-field-label elementor-screen-only\">\n\t\t\t\t\t\t\t\tImi\u0119 i Nazwisko\t\t\t\t\t\t\t<\/label>\n\t\t\t\t\t\t\t\t\t\t\t\t\t\t<input size=\"1\" type=\"text\" name=\"form_fields[field_885ec6a]\" id=\"form-field-field_885ec6a\" class=\"elementor-field elementor-size-sm  elementor-field-textual\" placeholder=\"Imi\u0119 i Nazwisko\" required=\"required\">\n\t\t\t\t\t\t\t\t\t\t\t<\/div>\n\t\t\t\t\t\t\t\t<div class=\"elementor-field-type-email elementor-field-group elementor-column elementor-field-group-field_1f243a0 elementor-col-100 elementor-field-required\">\n\t\t\t\t\t\t\t\t\t\t\t\t<label for=\"form-field-field_1f243a0\" class=\"elementor-field-label elementor-screen-only\">\n\t\t\t\t\t\t\t\tEmail\t\t\t\t\t\t\t<\/label>\n\t\t\t\t\t\t\t\t\t\t\t\t\t\t<input size=\"1\" type=\"email\" name=\"form_fields[field_1f243a0]\" id=\"form-field-field_1f243a0\" class=\"elementor-field elementor-size-sm  elementor-field-textual\" placeholder=\"Email\" required=\"required\">\n\t\t\t\t\t\t\t\t\t\t\t<\/div>\n\t\t\t\t\t\t\t\t<div class=\"elementor-field-type-select elementor-field-group elementor-column elementor-field-group-field_0915112 elementor-col-100 elementor-field-required\">\n\t\t\t\t\t\t\t\t\t\t\t\t<label for=\"form-field-field_0915112\" class=\"elementor-field-label elementor-screen-only\">\n\t\t\t\t\t\t\t\tTemat\t\t\t\t\t\t\t<\/label>\n\t\t\t\t\t\t\t\t<div class=\"elementor-field elementor-select-wrapper remove-before \">\n\t\t\t<div class=\"select-caret-down-wrapper\">\n\t\t\t\t<svg aria-hidden=\"true\" class=\"e-font-icon-svg e-eicon-caret-down\" viewBox=\"0 0 571.4 571.4\" xmlns=\"http:\/\/www.w3.org\/2000\/svg\"><path d=\"M571 393Q571 407 561 418L311 668Q300 679 286 679T261 668L11 418Q0 407 0 393T11 368 36 357H536Q550 357 561 368T571 393Z\"><\/path><\/svg>\t\t\t<\/div>\n\t\t\t<select name=\"form_fields[field_0915112]\" id=\"form-field-field_0915112\" class=\"elementor-field-textual elementor-size-sm\" required=\"required\">\n\t\t\t\t\t\t\t\t\t<option value=\"Rozw\u00f3d \">Rozw\u00f3d <\/option>\n\t\t\t\t\t\t\t\t\t<option value=\"Podzia\u0142 Maj\u0105tku\">Podzia\u0142 Maj\u0105tku<\/option>\n\t\t\t\t\t\t\t\t\t<option value=\"Sprawy Rodzinne\">Sprawy Rodzinne<\/option>\n\t\t\t\t\t\t\t<\/select>\n\t\t<\/div>\n\t\t\t\t\t\t<\/div>\n\t\t\t\t\t\t\t\t<div class=\"elementor-field-type-textarea elementor-field-group elementor-column elementor-field-group-field_ca0329b elementor-col-100 elementor-field-required\">\n\t\t\t\t\t\t\t\t\t\t\t\t<label for=\"form-field-field_ca0329b\" class=\"elementor-field-label elementor-screen-only\">\n\t\t\t\t\t\t\t\tTwoja wiadomo\u015b\u0107\t\t\t\t\t\t\t<\/label>\n\t\t\t\t\t\t<textarea class=\"elementor-field-textual elementor-field  elementor-size-sm\" name=\"form_fields[field_ca0329b]\" id=\"form-field-field_ca0329b\" rows=\"4\" placeholder=\"Twoja wiadomo\u015b\u0107\" required=\"required\"><\/textarea>\t\t\t\t<\/div>\n\t\t\t\t\t\t\t\t<div class=\"elementor-field-type-html elementor-field-group elementor-column elementor-field-group-field_1177441 elementor-col-100\">\n\t\t\t\t\tZgadzam si\u0119\u00a0z <u>Polityk\u0105 Prywatno\u015bci<\/u> strony. \t\t\t\t<\/div>\n\t\t\t\t\t\t\t\t<div class=\"elementor-field-type-text\">\n\t\t\t\t\t<input size=\"1\" type=\"text\" name=\"form_fields[field_3ac4d82]\" id=\"form-field-field_3ac4d82\" class=\"elementor-field elementor-size-sm \" style=\"display:none !important;\">\t\t\t\t<\/div>\n\t\t\t\t\t\t\t\t<div class=\"elementor-field-group elementor-column elementor-field-type-submit elementor-col-100 e-form__buttons\">\n\t\t\t\t\t<button class=\"elementor-button elementor-size-sm\" type=\"submit\">\n\t\t\t\t\t\t<span class=\"elementor-button-content-wrapper\">\n\t\t\t\t\t\t\t\t\t\t\t\t\t\t\t\t\t\t\t\t\t\t<span class=\"elementor-button-text\">Wy\u015blij wiadomo\u015b\u0107<\/span>\n\t\t\t\t\t\t\t\t\t\t\t\t\t<\/span>\n\t\t\t\t\t<\/button>\n\t\t\t\t<\/div>\n\t\t\t<\/div>\n\t\t<\/form>\n\t\t\t\t\t\t<\/div>\n\t\t\t\t\t<\/div>\n\t\t\t\t<\/div>\n\t\t\t\t<\/div>\n\t\t","protected":false},"excerpt":{"rendered":"<p>Stawiamy na\u00a0dobry kontakt Napisz do nas, odpowiemy osobi\u015bcie w ci\u0105gu 48h. kancelaria@adwokatholowczyc.pl +48 600 342 245 ul. 23 Lutego 11\/1A, Pozna\u0144<\/p>","protected":false},"author":1,"featured_media":1474,"parent":0,"menu_order":11,"comment_status":"closed","ping_status":"closed","template":"elementor_header_footer","meta":{"footnotes":""},"class_list":["post-873","page","type-page","status-publish","has-post-thumbnail","hentry"],"yoast_head":"<!-- This site is optimized with the Yoast SEO plugin v27.4 - https:\/\/yoast.com\/product\/yoast-seo-wordpress\/ -->\n<title>Chcesz si\u0119 rozwie\u015b\u0107? Napisz do nas &#8226; Kancelaria Pozna\u0144<\/title>\n<meta name=\"description\" content=\"Skontaktuj si\u0119 z kancelari\u0105 prawa rodzinnego w Poznaniu. Pomagamy w sprawach rozwodowych i rodzinnych \u2013 um\u00f3w si\u0119 na konsultacj\u0119.\" \/>\n<meta name=\"robots\" content=\"index, follow, max-snippet:-1, max-image-preview:large, max-video-preview:-1\" \/>\n<link rel=\"canonical\" href=\"https:\/\/adwokatholowczyc.pl\/en\/kontakt\/\" \/>\n<meta property=\"og:locale\" content=\"en_US\" \/>\n<meta property=\"og:type\" content=\"article\" \/>\n<meta property=\"og:title\" content=\"Chcesz si\u0119 rozwie\u015b\u0107? Napisz do nas &#8226; Kancelaria Pozna\u0144\" \/>\n<meta property=\"og:description\" content=\"Skontaktuj si\u0119 z kancelari\u0105 prawa rodzinnego w Poznaniu. Pomagamy w sprawach rozwodowych i rodzinnych \u2013 um\u00f3w si\u0119 na konsultacj\u0119.\" \/>\n<meta property=\"og:url\" content=\"https:\/\/adwokatholowczyc.pl\/en\/kontakt\/\" \/>\n<meta property=\"og:site_name\" content=\"Kancelaria Weronika Ho\u0142owczyc\" \/>\n<meta property=\"article:publisher\" content=\"https:\/\/www.facebook.com\/TwojOsobistyAdwokat\" \/>\n<meta property=\"article:modified_time\" content=\"2026-03-18T21:10:54+00:00\" \/>\n<meta property=\"og:image\" content=\"https:\/\/adwokatholowczyc.pl\/wp-content\/uploads\/featured-image-07.webp\" \/>\n\t<meta property=\"og:image:width\" content=\"1200\" \/>\n\t<meta property=\"og:image:height\" content=\"628\" \/>\n\t<meta property=\"og:image:type\" content=\"image\/webp\" \/>\n<meta name=\"twitter:card\" content=\"summary_large_image\" \/>\n<meta name=\"twitter:label1\" content=\"Est. reading time\" \/>\n\t<meta name=\"twitter:data1\" content=\"1 minute\" \/>\n<script type=\"application\/ld+json\" class=\"yoast-schema-graph\">{\"@context\":\"https:\\\/\\\/schema.org\",\"@graph\":[{\"@type\":\"WebPage\",\"@id\":\"https:\\\/\\\/adwokatholowczyc.pl\\\/kontakt\\\/\",\"url\":\"https:\\\/\\\/adwokatholowczyc.pl\\\/kontakt\\\/\",\"name\":\"Chcesz si\u0119 rozwie\u015b\u0107? Napisz do nas &#8226; Kancelaria Pozna\u0144\",\"isPartOf\":{\"@id\":\"https:\\\/\\\/adwokatholowczyc.pl\\\/#website\"},\"primaryImageOfPage\":{\"@id\":\"https:\\\/\\\/adwokatholowczyc.pl\\\/kontakt\\\/#primaryimage\"},\"image\":{\"@id\":\"https:\\\/\\\/adwokatholowczyc.pl\\\/kontakt\\\/#primaryimage\"},\"thumbnailUrl\":\"https:\\\/\\\/adwokatholowczyc.pl\\\/wp-content\\\/uploads\\\/featured-image-07.webp\",\"datePublished\":\"2026-01-27T17:27:11+00:00\",\"dateModified\":\"2026-03-18T21:10:54+00:00\",\"description\":\"Skontaktuj si\u0119 z kancelari\u0105 prawa rodzinnego w Poznaniu. Pomagamy w sprawach rozwodowych i rodzinnych \u2013 um\u00f3w si\u0119 na konsultacj\u0119.\",\"breadcrumb\":{\"@id\":\"https:\\\/\\\/adwokatholowczyc.pl\\\/kontakt\\\/#breadcrumb\"},\"inLanguage\":\"en-US\",\"potentialAction\":[{\"@type\":\"ReadAction\",\"target\":[\"https:\\\/\\\/adwokatholowczyc.pl\\\/kontakt\\\/\"]}]},{\"@type\":\"ImageObject\",\"inLanguage\":\"en-US\",\"@id\":\"https:\\\/\\\/adwokatholowczyc.pl\\\/kontakt\\\/#primaryimage\",\"url\":\"https:\\\/\\\/adwokatholowczyc.pl\\\/wp-content\\\/uploads\\\/featured-image-07.webp\",\"contentUrl\":\"https:\\\/\\\/adwokatholowczyc.pl\\\/wp-content\\\/uploads\\\/featured-image-07.webp\",\"width\":1200,\"height\":628},{\"@type\":\"BreadcrumbList\",\"@id\":\"https:\\\/\\\/adwokatholowczyc.pl\\\/kontakt\\\/#breadcrumb\",\"itemListElement\":[{\"@type\":\"ListItem\",\"position\":1,\"name\":\"Strona g\u0142\u00f3wna\",\"item\":\"https:\\\/\\\/adwokatholowczyc.pl\\\/\"},{\"@type\":\"ListItem\",\"position\":2,\"name\":\"Kontakt\"}]},{\"@type\":\"WebSite\",\"@id\":\"https:\\\/\\\/adwokatholowczyc.pl\\\/#website\",\"url\":\"https:\\\/\\\/adwokatholowczyc.pl\\\/\",\"name\":\"Kancelaria Weronika Ho\u0142owczyc\",\"description\":\"Kancelaria rozwodowa i prawa rodzinnego w Poznaniu\",\"publisher\":{\"@id\":\"https:\\\/\\\/adwokatholowczyc.pl\\\/#organization\"},\"alternateName\":\"Weronika Ho\u0142owczyc\",\"potentialAction\":[{\"@type\":\"SearchAction\",\"target\":{\"@type\":\"EntryPoint\",\"urlTemplate\":\"https:\\\/\\\/adwokatholowczyc.pl\\\/?s={search_term_string}\"},\"query-input\":{\"@type\":\"PropertyValueSpecification\",\"valueRequired\":true,\"valueName\":\"search_term_string\"}}],\"inLanguage\":\"en-US\"},{\"@type\":\"Organization\",\"@id\":\"https:\\\/\\\/adwokatholowczyc.pl\\\/#organization\",\"name\":\"Kancelaria Weronika Ho\u0142owczyc\",\"url\":\"https:\\\/\\\/adwokatholowczyc.pl\\\/\",\"logo\":{\"@type\":\"ImageObject\",\"inLanguage\":\"en-US\",\"@id\":\"https:\\\/\\\/adwokatholowczyc.pl\\\/#\\\/schema\\\/logo\\\/image\\\/\",\"url\":\"https:\\\/\\\/adwokatholowczyc.pl\\\/wp-content\\\/uploads\\\/035f5831705951b5e4213d47cc197773.svg\",\"contentUrl\":\"https:\\\/\\\/adwokatholowczyc.pl\\\/wp-content\\\/uploads\\\/035f5831705951b5e4213d47cc197773.svg\",\"width\":300,\"height\":41,\"caption\":\"Kancelaria Weronika Ho\u0142owczyc\"},\"image\":{\"@id\":\"https:\\\/\\\/adwokatholowczyc.pl\\\/#\\\/schema\\\/logo\\\/image\\\/\"},\"sameAs\":[\"https:\\\/\\\/www.facebook.com\\\/TwojOsobistyAdwokat\",\"https:\\\/\\\/www.linkedin.com\\\/in\\\/weronika-hoowczyc-550a9934a\\\/\",\"https:\\\/\\\/www.instagram.com\\\/kancelaria.rozwodowa\\\/\"]}]}<\/script>\n<!-- \/ Yoast SEO plugin. -->","yoast_head_json":{"title":"Chcesz si\u0119 rozwie\u015b\u0107? Napisz do nas &#8226; Kancelaria Pozna\u0144","description":"Skontaktuj si\u0119 z kancelari\u0105 prawa rodzinnego w Poznaniu. Pomagamy w sprawach rozwodowych i rodzinnych \u2013 um\u00f3w si\u0119 na konsultacj\u0119.","robots":{"index":"index","follow":"follow","max-snippet":"max-snippet:-1","max-image-preview":"max-image-preview:large","max-video-preview":"max-video-preview:-1"},"canonical":"https:\/\/adwokatholowczyc.pl\/en\/kontakt\/","og_locale":"en_US","og_type":"article","og_title":"Chcesz si\u0119 rozwie\u015b\u0107? Napisz do nas &#8226; Kancelaria Pozna\u0144","og_description":"Skontaktuj si\u0119 z kancelari\u0105 prawa rodzinnego w Poznaniu. Pomagamy w sprawach rozwodowych i rodzinnych \u2013 um\u00f3w si\u0119 na konsultacj\u0119.","og_url":"https:\/\/adwokatholowczyc.pl\/en\/kontakt\/","og_site_name":"Kancelaria Weronika Ho\u0142owczyc","article_publisher":"https:\/\/www.facebook.com\/TwojOsobistyAdwokat","article_modified_time":"2026-03-18T21:10:54+00:00","og_image":[{"width":1200,"height":628,"url":"https:\/\/adwokatholowczyc.pl\/wp-content\/uploads\/featured-image-07.webp","type":"image\/webp"}],"twitter_card":"summary_large_image","twitter_misc":{"Est. reading time":"1 minute"},"schema":{"@context":"https:\/\/schema.org","@graph":[{"@type":"WebPage","@id":"https:\/\/adwokatholowczyc.pl\/kontakt\/","url":"https:\/\/adwokatholowczyc.pl\/kontakt\/","name":"Chcesz si\u0119 rozwie\u015b\u0107? Napisz do nas &#8226; Kancelaria Pozna\u0144","isPartOf":{"@id":"https:\/\/adwokatholowczyc.pl\/#website"},"primaryImageOfPage":{"@id":"https:\/\/adwokatholowczyc.pl\/kontakt\/#primaryimage"},"image":{"@id":"https:\/\/adwokatholowczyc.pl\/kontakt\/#primaryimage"},"thumbnailUrl":"https:\/\/adwokatholowczyc.pl\/wp-content\/uploads\/featured-image-07.webp","datePublished":"2026-01-27T17:27:11+00:00","dateModified":"2026-03-18T21:10:54+00:00","description":"Skontaktuj si\u0119 z kancelari\u0105 prawa rodzinnego w Poznaniu. Pomagamy w sprawach rozwodowych i rodzinnych \u2013 um\u00f3w si\u0119 na konsultacj\u0119.","breadcrumb":{"@id":"https:\/\/adwokatholowczyc.pl\/kontakt\/#breadcrumb"},"inLanguage":"en-US","potentialAction":[{"@type":"ReadAction","target":["https:\/\/adwokatholowczyc.pl\/kontakt\/"]}]},{"@type":"ImageObject","inLanguage":"en-US","@id":"https:\/\/adwokatholowczyc.pl\/kontakt\/#primaryimage","url":"https:\/\/adwokatholowczyc.pl\/wp-content\/uploads\/featured-image-07.webp","contentUrl":"https:\/\/adwokatholowczyc.pl\/wp-content\/uploads\/featured-image-07.webp","width":1200,"height":628},{"@type":"BreadcrumbList","@id":"https:\/\/adwokatholowczyc.pl\/kontakt\/#breadcrumb","itemListElement":[{"@type":"ListItem","position":1,"name":"Strona g\u0142\u00f3wna","item":"https:\/\/adwokatholowczyc.pl\/"},{"@type":"ListItem","position":2,"name":"Kontakt"}]},{"@type":"WebSite","@id":"https:\/\/adwokatholowczyc.pl\/#website","url":"https:\/\/adwokatholowczyc.pl\/","name":"Law Office of Veronica Holowczyc","description":"Divorce and family law office in Poznan","publisher":{"@id":"https:\/\/adwokatholowczyc.pl\/#organization"},"alternateName":"Weronika Ho\u0142owczyc","potentialAction":[{"@type":"SearchAction","target":{"@type":"EntryPoint","urlTemplate":"https:\/\/adwokatholowczyc.pl\/?s={search_term_string}"},"query-input":{"@type":"PropertyValueSpecification","valueRequired":true,"valueName":"search_term_string"}}],"inLanguage":"en-US"},{"@type":"Organization","@id":"https:\/\/adwokatholowczyc.pl\/#organization","name":"Law Office of Veronica Holowczyc","url":"https:\/\/adwokatholowczyc.pl\/","logo":{"@type":"ImageObject","inLanguage":"en-US","@id":"https:\/\/adwokatholowczyc.pl\/#\/schema\/logo\/image\/","url":"https:\/\/adwokatholowczyc.pl\/wp-content\/uploads\/035f5831705951b5e4213d47cc197773.svg","contentUrl":"https:\/\/adwokatholowczyc.pl\/wp-content\/uploads\/035f5831705951b5e4213d47cc197773.svg","width":300,"height":41,"caption":"Kancelaria Weronika Ho\u0142owczyc"},"image":{"@id":"https:\/\/adwokatholowczyc.pl\/#\/schema\/logo\/image\/"},"sameAs":["https:\/\/www.facebook.com\/TwojOsobistyAdwokat","https:\/\/www.linkedin.com\/in\/weronika-hoowczyc-550a9934a\/","https:\/\/www.instagram.com\/kancelaria.rozwodowa\/"]}]}},"_links":{"self":[{"href":"https:\/\/adwokatholowczyc.pl\/en\/wp-json\/wp\/v2\/pages\/873","targetHints":{"allow":["GET"]}}],"collection":[{"href":"https:\/\/adwokatholowczyc.pl\/en\/wp-json\/wp\/v2\/pages"}],"about":[{"href":"https:\/\/adwokatholowczyc.pl\/en\/wp-json\/wp\/v2\/types\/page"}],"author":[{"embeddable":true,"href":"https:\/\/adwokatholowczyc.pl\/en\/wp-json\/wp\/v2\/users\/1"}],"replies":[{"embeddable":true,"href":"https:\/\/adwokatholowczyc.pl\/en\/wp-json\/wp\/v2\/comments?post=873"}],"version-history":[{"count":49,"href":"https:\/\/adwokatholowczyc.pl\/en\/wp-json\/wp\/v2\/pages\/873\/revisions"}],"predecessor-version":[{"id":1959,"href":"https:\/\/adwokatholowczyc.pl\/en\/wp-json\/wp\/v2\/pages\/873\/revisions\/1959"}],"wp:featuredmedia":[{"embeddable":true,"href":"https:\/\/adwokatholowczyc.pl\/en\/wp-json\/wp\/v2\/media\/1474"}],"wp:attachment":[{"href":"https:\/\/adwokatholowczyc.pl\/en\/wp-json\/wp\/v2\/media?parent=873"}],"curies":[{"name":"wp","href":"https:\/\/api.w.org\/{rel}","templated":true}]}}