{"id":1165,"date":"2026-02-05T00:39:52","date_gmt":"2026-02-04T23:39:52","guid":{"rendered":"https:\/\/kancelaria.astrotea.pl\/?page_id=1165"},"modified":"2026-02-25T18:36:53","modified_gmt":"2026-02-25T17:36:53","slug":"paulina-krause","status":"publish","type":"page","link":"https:\/\/adwokatholowczyc.pl\/en\/paulina-krause\/","title":{"rendered":"Paulina Krause"},"content":{"rendered":"<div data-elementor-type=\"wp-page\" data-elementor-id=\"1165\" class=\"elementor elementor-1165\" data-elementor-post-type=\"page\">\n\t\t\t\t<div class=\"elementor-element elementor-element-a2d33ae pad-0 e-flex e-con-boxed e-con e-parent\" data-id=\"a2d33ae\" data-element_type=\"container\" data-e-type=\"container\">\n\t\t\t\t\t<div class=\"e-con-inner\">\n\t\t\t\t<div class=\"elementor-element elementor-element-bde7caf elementor-invisible elementor-widget elementor-widget-image\" data-id=\"bde7caf\" data-element_type=\"widget\" data-e-type=\"widget\" data-settings=\"{&quot;_animation&quot;:&quot;fadeIn&quot;,&quot;_animation_delay&quot;:300}\" data-widget_type=\"image.default\">\n\t\t\t\t\t\t\t\t\t\t\t\t\t\t\t<img fetchpriority=\"high\" decoding=\"async\" width=\"649\" height=\"834\" src=\"https:\/\/adwokatholowczyc.pl\/wp-content\/uploads\/paulina-bio-image.webp\" class=\"attachment-full size-full wp-image-1140\" alt=\"\" srcset=\"https:\/\/adwokatholowczyc.pl\/wp-content\/uploads\/paulina-bio-image.webp 649w, https:\/\/adwokatholowczyc.pl\/wp-content\/uploads\/paulina-bio-image-233x300.webp 233w\" sizes=\"(max-width: 649px) 100vw, 649px\" \/>\t\t\t\t\t\t\t\t\t\t\t\t\t\t\t<\/div>\n\t\t<div class=\"elementor-element elementor-element-c931be9 e-con-full e-flex e-con e-child\" data-id=\"c931be9\" data-element_type=\"container\" data-e-type=\"container\">\n\t\t<div class=\"elementor-element elementor-element-3b88726 e-con-full e-flex elementor-invisible e-con e-child\" data-id=\"3b88726\" data-element_type=\"container\" data-e-type=\"container\" data-settings=\"{&quot;animation&quot;:&quot;fadeInUp&quot;}\">\n\t\t\t\t<div class=\"elementor-element elementor-element-39d36d4 elementor-widget__width-initial elementor-widget-mobile__width-inherit elementor-widget elementor-widget-heading\" data-id=\"39d36d4\" data-element_type=\"widget\" data-e-type=\"widget\" data-widget_type=\"heading.default\">\n\t\t\t\t\t<h1 class=\"elementor-heading-title elementor-size-default\">advocate Paulina Krause<\/h1>\t\t\t\t<\/div>\n\t\t\t\t<div class=\"elementor-element elementor-element-e45cc90 elementor-widget__width-initial elementor-widget-mobile__width-inherit elementor-widget elementor-widget-heading\" data-id=\"e45cc90\" data-element_type=\"widget\" data-e-type=\"widget\" data-widget_type=\"heading.default\">\n\t\t\t\t\t<h2 class=\"elementor-heading-title elementor-size-default\">Advocate<\/h2>\t\t\t\t<\/div>\n\t\t\t\t<\/div>\n\t\t\t\t<div class=\"elementor-element elementor-element-dffbb86 elementor-widget__width-inherit elementor-widget-mobile__width-inherit elementor-invisible elementor-widget elementor-widget-text-editor\" data-id=\"dffbb86\" data-element_type=\"widget\" data-e-type=\"widget\" data-settings=\"{&quot;_animation&quot;:&quot;fadeIn&quot;,&quot;_animation_delay&quot;:300}\" data-widget_type=\"text-editor.default\">\n\t\t\t\t\t\t\t\t\t<p>Graduate of the Faculty of Law and Administration at Adam Mickiewicz University, member of the Wielkopolska Bar Association. Since 2019, she has been working with the Firm, specializing in divorce and family matters. At work, she values accuracy and a matter-of-fact approach to each case, and clients especially appreciate her calmness and professionalism.<\/p>\t\t\t\t\t\t\t\t<\/div>\n\t\t\t\t<\/div>\n\t\t\t\t\t<\/div>\n\t\t\t\t<\/div>\n\t\t\t\t<\/div>","protected":false},"excerpt":{"rendered":"<p>adw. Paulina Krause Adwokat Absolwentka Wydzia\u0142u Prawa i Administracji Uniwersytetu im. Adama Mickiewicza, cz\u0142onkini Wielkopolskiej Izby Adwokackiej. Od 2019 roku wsp\u00f3\u0142pracuje z Kancelari\u0105, specjalizuj\u0105c si\u0119 w sprawach rozwodowych i rodzinnych. W pracy ceni sobie dok\u0142adno\u015b\u0107 i rzeczowe podej\u015bcie do ka\u017cdej sprawy, a Klienci szczeg\u00f3lnie doceniaj\u0105 jej spok\u00f3j i profesjonalizm.<\/p>","protected":false},"author":2,"featured_media":1471,"parent":0,"menu_order":13,"comment_status":"closed","ping_status":"closed","template":"","meta":{"footnotes":""},"class_list":["post-1165","page","type-page","status-publish","has-post-thumbnail","hentry"],"yoast_head":"<!-- This site is optimized with the Yoast SEO plugin v27.4 - https:\/\/yoast.com\/product\/yoast-seo-wordpress\/ -->\n<title>Adwokat Paulina Krause &#8226; Poznaj nasz zesp\u00f3\u0142<\/title>\n<meta name=\"description\" content=\"Adwokat prawa rodzinnego. Pomaga klientom w rozwodach i sprawach rodzinnych, \u0142\u0105cz\u0105c wiedz\u0119 prawn\u0105 z empati\u0105.\" \/>\n<meta name=\"robots\" content=\"index, follow, max-snippet:-1, max-image-preview:large, max-video-preview:-1\" \/>\n<link rel=\"canonical\" href=\"https:\/\/adwokatholowczyc.pl\/en\/paulina-krause\/\" \/>\n<meta property=\"og:locale\" content=\"en_US\" \/>\n<meta property=\"og:type\" content=\"article\" \/>\n<meta property=\"og:title\" content=\"Adwokat Paulina Krause &#8226; Poznaj nasz zesp\u00f3\u0142\" \/>\n<meta property=\"og:description\" content=\"Adwokat prawa rodzinnego. Pomaga klientom w rozwodach i sprawach rodzinnych, \u0142\u0105cz\u0105c wiedz\u0119 prawn\u0105 z empati\u0105.\" \/>\n<meta property=\"og:url\" content=\"https:\/\/adwokatholowczyc.pl\/en\/paulina-krause\/\" \/>\n<meta property=\"og:site_name\" content=\"Kancelaria Weronika Ho\u0142owczyc\" \/>\n<meta property=\"article:publisher\" content=\"https:\/\/www.facebook.com\/TwojOsobistyAdwokat\" \/>\n<meta property=\"article:modified_time\" content=\"2026-02-25T17:36:53+00:00\" \/>\n<meta property=\"og:image\" content=\"https:\/\/adwokatholowczyc.pl\/wp-content\/uploads\/featured-image-04.webp\" \/>\n\t<meta property=\"og:image:width\" content=\"1200\" \/>\n\t<meta property=\"og:image:height\" content=\"628\" \/>\n\t<meta property=\"og:image:type\" content=\"image\/webp\" \/>\n<meta name=\"twitter:card\" content=\"summary_large_image\" \/>\n<meta name=\"twitter:label1\" content=\"Est. reading time\" \/>\n\t<meta name=\"twitter:data1\" content=\"1 minute\" \/>\n<script type=\"application\/ld+json\" class=\"yoast-schema-graph\">{\"@context\":\"https:\\\/\\\/schema.org\",\"@graph\":[{\"@type\":\"WebPage\",\"@id\":\"https:\\\/\\\/adwokatholowczyc.pl\\\/paulina-krause\\\/\",\"url\":\"https:\\\/\\\/adwokatholowczyc.pl\\\/paulina-krause\\\/\",\"name\":\"Adwokat Paulina Krause &#8226; Poznaj nasz zesp\u00f3\u0142\",\"isPartOf\":{\"@id\":\"https:\\\/\\\/adwokatholowczyc.pl\\\/#website\"},\"primaryImageOfPage\":{\"@id\":\"https:\\\/\\\/adwokatholowczyc.pl\\\/paulina-krause\\\/#primaryimage\"},\"image\":{\"@id\":\"https:\\\/\\\/adwokatholowczyc.pl\\\/paulina-krause\\\/#primaryimage\"},\"thumbnailUrl\":\"https:\\\/\\\/adwokatholowczyc.pl\\\/wp-content\\\/uploads\\\/featured-image-04.webp\",\"datePublished\":\"2026-02-04T23:39:52+00:00\",\"dateModified\":\"2026-02-25T17:36:53+00:00\",\"description\":\"Adwokat prawa rodzinnego. Pomaga klientom w rozwodach i sprawach rodzinnych, \u0142\u0105cz\u0105c wiedz\u0119 prawn\u0105 z empati\u0105.\",\"breadcrumb\":{\"@id\":\"https:\\\/\\\/adwokatholowczyc.pl\\\/paulina-krause\\\/#breadcrumb\"},\"inLanguage\":\"en-US\",\"potentialAction\":[{\"@type\":\"ReadAction\",\"target\":[\"https:\\\/\\\/adwokatholowczyc.pl\\\/paulina-krause\\\/\"]}]},{\"@type\":\"ImageObject\",\"inLanguage\":\"en-US\",\"@id\":\"https:\\\/\\\/adwokatholowczyc.pl\\\/paulina-krause\\\/#primaryimage\",\"url\":\"https:\\\/\\\/adwokatholowczyc.pl\\\/wp-content\\\/uploads\\\/featured-image-04.webp\",\"contentUrl\":\"https:\\\/\\\/adwokatholowczyc.pl\\\/wp-content\\\/uploads\\\/featured-image-04.webp\",\"width\":1200,\"height\":628},{\"@type\":\"BreadcrumbList\",\"@id\":\"https:\\\/\\\/adwokatholowczyc.pl\\\/paulina-krause\\\/#breadcrumb\",\"itemListElement\":[{\"@type\":\"ListItem\",\"position\":1,\"name\":\"Strona g\u0142\u00f3wna\",\"item\":\"https:\\\/\\\/adwokatholowczyc.pl\\\/\"},{\"@type\":\"ListItem\",\"position\":2,\"name\":\"Paulina Krause\"}]},{\"@type\":\"WebSite\",\"@id\":\"https:\\\/\\\/adwokatholowczyc.pl\\\/#website\",\"url\":\"https:\\\/\\\/adwokatholowczyc.pl\\\/\",\"name\":\"Kancelaria Weronika Ho\u0142owczyc\",\"description\":\"Kancelaria rozwodowa i prawa rodzinnego w Poznaniu\",\"publisher\":{\"@id\":\"https:\\\/\\\/adwokatholowczyc.pl\\\/#organization\"},\"alternateName\":\"Weronika Ho\u0142owczyc\",\"potentialAction\":[{\"@type\":\"SearchAction\",\"target\":{\"@type\":\"EntryPoint\",\"urlTemplate\":\"https:\\\/\\\/adwokatholowczyc.pl\\\/?s={search_term_string}\"},\"query-input\":{\"@type\":\"PropertyValueSpecification\",\"valueRequired\":true,\"valueName\":\"search_term_string\"}}],\"inLanguage\":\"en-US\"},{\"@type\":\"Organization\",\"@id\":\"https:\\\/\\\/adwokatholowczyc.pl\\\/#organization\",\"name\":\"Kancelaria Weronika Ho\u0142owczyc\",\"url\":\"https:\\\/\\\/adwokatholowczyc.pl\\\/\",\"logo\":{\"@type\":\"ImageObject\",\"inLanguage\":\"en-US\",\"@id\":\"https:\\\/\\\/adwokatholowczyc.pl\\\/#\\\/schema\\\/logo\\\/image\\\/\",\"url\":\"https:\\\/\\\/adwokatholowczyc.pl\\\/wp-content\\\/uploads\\\/035f5831705951b5e4213d47cc197773.svg\",\"contentUrl\":\"https:\\\/\\\/adwokatholowczyc.pl\\\/wp-content\\\/uploads\\\/035f5831705951b5e4213d47cc197773.svg\",\"width\":300,\"height\":41,\"caption\":\"Kancelaria Weronika Ho\u0142owczyc\"},\"image\":{\"@id\":\"https:\\\/\\\/adwokatholowczyc.pl\\\/#\\\/schema\\\/logo\\\/image\\\/\"},\"sameAs\":[\"https:\\\/\\\/www.facebook.com\\\/TwojOsobistyAdwokat\",\"https:\\\/\\\/www.linkedin.com\\\/in\\\/weronika-hoowczyc-550a9934a\\\/\",\"https:\\\/\\\/www.instagram.com\\\/kancelaria.rozwodowa\\\/\"]}]}<\/script>\n<!-- \/ Yoast SEO plugin. -->","yoast_head_json":{"title":"Adwokat Paulina Krause &#8226; Poznaj nasz zesp\u00f3\u0142","description":"Adwokat prawa rodzinnego. Pomaga klientom w rozwodach i sprawach rodzinnych, \u0142\u0105cz\u0105c wiedz\u0119 prawn\u0105 z empati\u0105.","robots":{"index":"index","follow":"follow","max-snippet":"max-snippet:-1","max-image-preview":"max-image-preview:large","max-video-preview":"max-video-preview:-1"},"canonical":"https:\/\/adwokatholowczyc.pl\/en\/paulina-krause\/","og_locale":"en_US","og_type":"article","og_title":"Adwokat Paulina Krause &#8226; Poznaj nasz zesp\u00f3\u0142","og_description":"Adwokat prawa rodzinnego. Pomaga klientom w rozwodach i sprawach rodzinnych, \u0142\u0105cz\u0105c wiedz\u0119 prawn\u0105 z empati\u0105.","og_url":"https:\/\/adwokatholowczyc.pl\/en\/paulina-krause\/","og_site_name":"Kancelaria Weronika Ho\u0142owczyc","article_publisher":"https:\/\/www.facebook.com\/TwojOsobistyAdwokat","article_modified_time":"2026-02-25T17:36:53+00:00","og_image":[{"width":1200,"height":628,"url":"https:\/\/adwokatholowczyc.pl\/wp-content\/uploads\/featured-image-04.webp","type":"image\/webp"}],"twitter_card":"summary_large_image","twitter_misc":{"Est. reading time":"1 minute"},"schema":{"@context":"https:\/\/schema.org","@graph":[{"@type":"WebPage","@id":"https:\/\/adwokatholowczyc.pl\/paulina-krause\/","url":"https:\/\/adwokatholowczyc.pl\/paulina-krause\/","name":"Adwokat Paulina Krause &#8226; Poznaj nasz zesp\u00f3\u0142","isPartOf":{"@id":"https:\/\/adwokatholowczyc.pl\/#website"},"primaryImageOfPage":{"@id":"https:\/\/adwokatholowczyc.pl\/paulina-krause\/#primaryimage"},"image":{"@id":"https:\/\/adwokatholowczyc.pl\/paulina-krause\/#primaryimage"},"thumbnailUrl":"https:\/\/adwokatholowczyc.pl\/wp-content\/uploads\/featured-image-04.webp","datePublished":"2026-02-04T23:39:52+00:00","dateModified":"2026-02-25T17:36:53+00:00","description":"Adwokat prawa rodzinnego. Pomaga klientom w rozwodach i sprawach rodzinnych, \u0142\u0105cz\u0105c wiedz\u0119 prawn\u0105 z empati\u0105.","breadcrumb":{"@id":"https:\/\/adwokatholowczyc.pl\/paulina-krause\/#breadcrumb"},"inLanguage":"en-US","potentialAction":[{"@type":"ReadAction","target":["https:\/\/adwokatholowczyc.pl\/paulina-krause\/"]}]},{"@type":"ImageObject","inLanguage":"en-US","@id":"https:\/\/adwokatholowczyc.pl\/paulina-krause\/#primaryimage","url":"https:\/\/adwokatholowczyc.pl\/wp-content\/uploads\/featured-image-04.webp","contentUrl":"https:\/\/adwokatholowczyc.pl\/wp-content\/uploads\/featured-image-04.webp","width":1200,"height":628},{"@type":"BreadcrumbList","@id":"https:\/\/adwokatholowczyc.pl\/paulina-krause\/#breadcrumb","itemListElement":[{"@type":"ListItem","position":1,"name":"Strona g\u0142\u00f3wna","item":"https:\/\/adwokatholowczyc.pl\/"},{"@type":"ListItem","position":2,"name":"Paulina Krause"}]},{"@type":"WebSite","@id":"https:\/\/adwokatholowczyc.pl\/#website","url":"https:\/\/adwokatholowczyc.pl\/","name":"Law Office of Veronica Holowczyc","description":"Divorce and family law office in Poznan","publisher":{"@id":"https:\/\/adwokatholowczyc.pl\/#organization"},"alternateName":"Weronika Ho\u0142owczyc","potentialAction":[{"@type":"SearchAction","target":{"@type":"EntryPoint","urlTemplate":"https:\/\/adwokatholowczyc.pl\/?s={search_term_string}"},"query-input":{"@type":"PropertyValueSpecification","valueRequired":true,"valueName":"search_term_string"}}],"inLanguage":"en-US"},{"@type":"Organization","@id":"https:\/\/adwokatholowczyc.pl\/#organization","name":"Law Office of Veronica Holowczyc","url":"https:\/\/adwokatholowczyc.pl\/","logo":{"@type":"ImageObject","inLanguage":"en-US","@id":"https:\/\/adwokatholowczyc.pl\/#\/schema\/logo\/image\/","url":"https:\/\/adwokatholowczyc.pl\/wp-content\/uploads\/035f5831705951b5e4213d47cc197773.svg","contentUrl":"https:\/\/adwokatholowczyc.pl\/wp-content\/uploads\/035f5831705951b5e4213d47cc197773.svg","width":300,"height":41,"caption":"Kancelaria Weronika Ho\u0142owczyc"},"image":{"@id":"https:\/\/adwokatholowczyc.pl\/#\/schema\/logo\/image\/"},"sameAs":["https:\/\/www.facebook.com\/TwojOsobistyAdwokat","https:\/\/www.linkedin.com\/in\/weronika-hoowczyc-550a9934a\/","https:\/\/www.instagram.com\/kancelaria.rozwodowa\/"]}]}},"_links":{"self":[{"href":"https:\/\/adwokatholowczyc.pl\/en\/wp-json\/wp\/v2\/pages\/1165","targetHints":{"allow":["GET"]}}],"collection":[{"href":"https:\/\/adwokatholowczyc.pl\/en\/wp-json\/wp\/v2\/pages"}],"about":[{"href":"https:\/\/adwokatholowczyc.pl\/en\/wp-json\/wp\/v2\/types\/page"}],"author":[{"embeddable":true,"href":"https:\/\/adwokatholowczyc.pl\/en\/wp-json\/wp\/v2\/users\/2"}],"replies":[{"embeddable":true,"href":"https:\/\/adwokatholowczyc.pl\/en\/wp-json\/wp\/v2\/comments?post=1165"}],"version-history":[{"count":19,"href":"https:\/\/adwokatholowczyc.pl\/en\/wp-json\/wp\/v2\/pages\/1165\/revisions"}],"predecessor-version":[{"id":1890,"href":"https:\/\/adwokatholowczyc.pl\/en\/wp-json\/wp\/v2\/pages\/1165\/revisions\/1890"}],"wp:featuredmedia":[{"embeddable":true,"href":"https:\/\/adwokatholowczyc.pl\/en\/wp-json\/wp\/v2\/media\/1471"}],"wp:attachment":[{"href":"https:\/\/adwokatholowczyc.pl\/en\/wp-json\/wp\/v2\/media?parent=1165"}],"curies":[{"name":"wp","href":"https:\/\/api.w.org\/{rel}","templated":true}]}}