{"id":1137,"date":"2026-02-05T00:06:00","date_gmt":"2026-02-04T23:06:00","guid":{"rendered":"https:\/\/kancelaria.astrotea.pl\/?page_id=1137"},"modified":"2026-02-21T16:44:36","modified_gmt":"2026-02-21T15:44:36","slug":"weronika-holowczyc","status":"publish","type":"page","link":"https:\/\/adwokatholowczyc.pl\/en\/weronika-holowczyc\/","title":{"rendered":"Veronika Holowczyc"},"content":{"rendered":"<div data-elementor-type=\"wp-page\" data-elementor-id=\"1137\" class=\"elementor elementor-1137\" data-elementor-post-type=\"page\">\n\t\t\t\t<div class=\"elementor-element elementor-element-a369d68 pad-0 e-flex e-con-boxed e-con e-parent\" data-id=\"a369d68\" data-element_type=\"container\" data-e-type=\"container\">\n\t\t\t\t\t<div class=\"e-con-inner\">\n\t\t\t\t<div class=\"elementor-element elementor-element-4befb16 elementor-invisible elementor-widget elementor-widget-image\" data-id=\"4befb16\" data-element_type=\"widget\" data-e-type=\"widget\" data-settings=\"{&quot;_animation&quot;:&quot;fadeIn&quot;,&quot;_animation_delay&quot;:300}\" data-widget_type=\"image.default\">\n\t\t\t\t\t\t\t\t\t\t\t\t\t\t\t<img fetchpriority=\"high\" decoding=\"async\" width=\"649\" height=\"834\" src=\"https:\/\/adwokatholowczyc.pl\/wp-content\/uploads\/weronika-bio-image.webp\" class=\"attachment-full size-full wp-image-1141\" alt=\"\" srcset=\"https:\/\/adwokatholowczyc.pl\/wp-content\/uploads\/weronika-bio-image.webp 649w, https:\/\/adwokatholowczyc.pl\/wp-content\/uploads\/weronika-bio-image-233x300.webp 233w\" sizes=\"(max-width: 649px) 100vw, 649px\" \/>\t\t\t\t\t\t\t\t\t\t\t\t\t\t\t<\/div>\n\t\t<div class=\"elementor-element elementor-element-cd21177 e-con-full e-flex e-con e-child\" data-id=\"cd21177\" data-element_type=\"container\" data-e-type=\"container\">\n\t\t<div class=\"elementor-element elementor-element-b7d95ee e-con-full e-flex elementor-invisible e-con e-child\" data-id=\"b7d95ee\" data-element_type=\"container\" data-e-type=\"container\" data-settings=\"{&quot;animation&quot;:&quot;fadeInUp&quot;}\">\n\t\t\t\t<div class=\"elementor-element elementor-element-ae57c92 elementor-widget__width-initial elementor-widget-mobile__width-inherit elementor-widget elementor-widget-heading\" data-id=\"ae57c92\" data-element_type=\"widget\" data-e-type=\"widget\" data-widget_type=\"heading.default\">\n\t\t\t\t\t<h1 class=\"elementor-heading-title elementor-size-default\">advocate Weronika Holowczyc<\/h1>\t\t\t\t<\/div>\n\t\t\t\t<div class=\"elementor-element elementor-element-d87e39e elementor-widget__width-initial elementor-widget-mobile__width-inherit elementor-widget elementor-widget-heading\" data-id=\"d87e39e\" data-element_type=\"widget\" data-e-type=\"widget\" data-widget_type=\"heading.default\">\n\t\t\t\t\t<h2 class=\"elementor-heading-title elementor-size-default\">Founder of the Firm, Attorney at Law<\/h2>\t\t\t\t<\/div>\n\t\t\t\t<\/div>\n\t\t\t\t<div class=\"elementor-element elementor-element-cf7b47d elementor-widget__width-inherit elementor-widget-mobile__width-inherit elementor-invisible elementor-widget elementor-widget-text-editor\" data-id=\"cf7b47d\" data-element_type=\"widget\" data-e-type=\"widget\" data-settings=\"{&quot;_animation&quot;:&quot;fadeIn&quot;,&quot;_animation_delay&quot;:300}\" data-widget_type=\"text-editor.default\">\n\t\t\t\t\t\t\t\t\t<p>Lawyer, member of the Greater Poland Bar Association, since 2015 has been dealing with family and divorce cases. Graduate of the Adam Mickiewicz University in Poznan. Vice-chair of the Commission for Social Initiatives and Legal Education at the District Bar Council in Poznan.<\/p><p>In her work she combines legal knowledge with experience and an individual approach to each case entrusted to her. Clients value her for her efficiency and professionalism.<\/p>\t\t\t\t\t\t\t\t<\/div>\n\t\t\t\t<\/div>\n\t\t\t\t\t<\/div>\n\t\t\t\t<\/div>\n\t\t<div class=\"elementor-element elementor-element-4359a16 pad-100 e-flex e-con-boxed e-con e-parent\" data-id=\"4359a16\" data-element_type=\"container\" data-e-type=\"container\" data-settings=\"{&quot;background_background&quot;:&quot;classic&quot;}\">\n\t\t\t\t\t<div class=\"e-con-inner\">\n\t\t\t\t<div class=\"elementor-element elementor-element-ea8807a elementor-widget__width-inherit elementor-widget-mobile__width-inherit elementor-widget elementor-widget-heading\" data-id=\"ea8807a\" data-element_type=\"widget\" data-e-type=\"widget\" data-widget_type=\"heading.default\">\n\t\t\t\t\t<h2 class=\"elementor-heading-title elementor-size-default\">My publications and speeches<\/h2>\t\t\t\t<\/div>\n\t\t<div class=\"elementor-element elementor-element-1bae574 e-grid e-con-full e-con e-child\" data-id=\"1bae574\" data-element_type=\"container\" data-e-type=\"container\">\n\t\t<div class=\"elementor-element elementor-element-25e3740 e-con-full e-flex e-con e-child\" data-id=\"25e3740\" data-element_type=\"container\" data-e-type=\"container\" data-settings=\"{&quot;background_background&quot;:&quot;classic&quot;}\">\n\t\t<div class=\"elementor-element elementor-element-4b33768 e-con-full e-flex e-con e-child\" data-id=\"4b33768\" data-element_type=\"container\" data-e-type=\"container\">\n\t\t\t\t<div class=\"elementor-element elementor-element-9db630d elementor-widget-divider--view-line_text elementor-widget-divider--element-align-left elementor-widget elementor-widget-divider\" data-id=\"9db630d\" data-element_type=\"widget\" data-e-type=\"widget\" data-widget_type=\"divider.default\">\n\t\t\t\t\t\t\t<div class=\"elementor-divider\">\n\t\t\t<span class=\"elementor-divider-separator\">\n\t\t\t\t\t\t\t<h4 class=\"elementor-divider__text elementor-divider__element\">\n\t\t\t\tPoznan Prestige\t\t\t\t<\/h4>\n\t\t\t\t\t\t<\/span>\n\t\t<\/div>\n\t\t\t\t\t\t<\/div>\n\t\t\t\t<div class=\"elementor-element elementor-element-6fb2e03 elementor-widget elementor-widget-image\" data-id=\"6fb2e03\" data-element_type=\"widget\" data-e-type=\"widget\" data-widget_type=\"image.default\">\n\t\t\t\t\t\t\t\t\t\t\t\t\t\t\t<img decoding=\"async\" width=\"800\" height=\"352\" src=\"https:\/\/adwokatholowczyc.pl\/wp-content\/uploads\/pp-weronika-pub.webp\" class=\"attachment-large size-large wp-image-1872\" alt=\"\" srcset=\"https:\/\/adwokatholowczyc.pl\/wp-content\/uploads\/pp-weronika-pub.webp 900w, https:\/\/adwokatholowczyc.pl\/wp-content\/uploads\/pp-weronika-pub-300x132.webp 300w, https:\/\/adwokatholowczyc.pl\/wp-content\/uploads\/pp-weronika-pub-768x338.webp 768w\" sizes=\"(max-width: 800px) 100vw, 800px\" \/>\t\t\t\t\t\t\t\t\t\t\t\t\t\t\t<\/div>\n\t\t\t\t<div class=\"elementor-element elementor-element-121bc56 elementor-widget__width-inherit elementor-widget-mobile__width-inherit elementor-widget elementor-widget-heading\" data-id=\"121bc56\" data-element_type=\"widget\" data-e-type=\"widget\" data-widget_type=\"heading.default\">\n\t\t\t\t\t<h3 class=\"elementor-heading-title elementor-size-default\"><a href=\"https:\/\/poznanskiprestiz.pl\/ludzie-poznania\/weronika-holowczyc-butikowa-kancelaria-rozwodowa\/\" target=\"_blank\" rel=\"noopener noreferrer nofollow\">Boutique Divorce Law Firm of Veronica Holowczyc<\/a><\/h3>\t\t\t\t<\/div>\n\t\t\t\t<\/div>\n\t\t\t\t<div class=\"elementor-element elementor-element-cd84b1b elementor-align-justify btn3 elementor-widget elementor-widget-button\" data-id=\"cd84b1b\" data-element_type=\"widget\" data-e-type=\"widget\" data-widget_type=\"button.default\">\n\t\t\t\t\t\t\t\t\t\t<a class=\"elementor-button elementor-button-link elementor-size-sm\" href=\"https:\/\/poznanskiprestiz.pl\/ludzie-poznania\/weronika-holowczyc-butikowa-kancelaria-rozwodowa\/\" target=\"_blank\" rel=\"noopener noreferrer nofollow\">\n\t\t\t\t\t\t<span class=\"elementor-button-content-wrapper\">\n\t\t\t\t\t\t\t\t\t<span class=\"elementor-button-text\">Read more<\/span>\n\t\t\t\t\t<\/span>\n\t\t\t\t\t<\/a>\n\t\t\t\t\t\t\t\t<\/div>\n\t\t\t\t<\/div>\n\t\t<div class=\"elementor-element elementor-element-a08e272 e-con-full e-flex e-con e-child\" data-id=\"a08e272\" data-element_type=\"container\" data-e-type=\"container\" data-settings=\"{&quot;background_background&quot;:&quot;classic&quot;}\">\n\t\t<div class=\"elementor-element elementor-element-a84e072 e-con-full e-flex e-con e-child\" data-id=\"a84e072\" data-element_type=\"container\" data-e-type=\"container\">\n\t\t\t\t<div class=\"elementor-element elementor-element-92ab28c elementor-widget-divider--view-line_text elementor-widget-divider--element-align-left elementor-widget elementor-widget-divider\" data-id=\"92ab28c\" data-element_type=\"widget\" data-e-type=\"widget\" data-widget_type=\"divider.default\">\n\t\t\t\t\t\t\t<div class=\"elementor-divider\">\n\t\t\t<span class=\"elementor-divider-separator\">\n\t\t\t\t\t\t\t<h4 class=\"elementor-divider__text elementor-divider__element\">\n\t\t\t\tWTK\t\t\t\t<\/h4>\n\t\t\t\t\t\t<\/span>\n\t\t<\/div>\n\t\t\t\t\t\t<\/div>\n\t\t\t\t<div class=\"elementor-element elementor-element-b539709 elementor-widget__width-inherit elementor-widget elementor-widget-image\" data-id=\"b539709\" data-element_type=\"widget\" data-e-type=\"widget\" data-widget_type=\"image.default\">\n\t\t\t\t\t\t\t\t\t\t\t\t\t\t\t<img decoding=\"async\" width=\"800\" height=\"352\" src=\"https:\/\/adwokatholowczyc.pl\/wp-content\/uploads\/wtk-weronika-pub.webp\" class=\"attachment-large size-large wp-image-1871\" alt=\"\" srcset=\"https:\/\/adwokatholowczyc.pl\/wp-content\/uploads\/wtk-weronika-pub.webp 900w, https:\/\/adwokatholowczyc.pl\/wp-content\/uploads\/wtk-weronika-pub-300x132.webp 300w, https:\/\/adwokatholowczyc.pl\/wp-content\/uploads\/wtk-weronika-pub-768x338.webp 768w\" sizes=\"(max-width: 800px) 100vw, 800px\" \/>\t\t\t\t\t\t\t\t\t\t\t\t\t\t\t<\/div>\n\t\t\t\t<div class=\"elementor-element elementor-element-7e94189 elementor-widget__width-inherit elementor-widget-mobile__width-inherit elementor-widget elementor-widget-heading\" data-id=\"7e94189\" data-element_type=\"widget\" data-e-type=\"widget\" data-widget_type=\"heading.default\">\n\t\t\t\t\t<h3 class=\"elementor-heading-title elementor-size-default\"><a href=\"https:\/\/www.youtube.com\/watch?v=UyxrtfHR-4E\" target=\"_blank\" rel=\"noopener noreferrer nofollow\">Open Antenna: Counselor Veronica Holowczyc<\/a><\/h3>\t\t\t\t<\/div>\n\t\t\t\t<\/div>\n\t\t\t\t<div class=\"elementor-element elementor-element-913d3bc elementor-align-justify btn3 elementor-widget elementor-widget-button\" data-id=\"913d3bc\" data-element_type=\"widget\" data-e-type=\"widget\" data-widget_type=\"button.default\">\n\t\t\t\t\t\t\t\t\t\t<a class=\"elementor-button elementor-button-link elementor-size-sm\" href=\"https:\/\/www.youtube.com\/watch?v=UyxrtfHR-4E\" target=\"_blank\" rel=\"noopener noreferrer nofollow\">\n\t\t\t\t\t\t<span class=\"elementor-button-content-wrapper\">\n\t\t\t\t\t\t\t\t\t<span class=\"elementor-button-text\">Read more<\/span>\n\t\t\t\t\t<\/span>\n\t\t\t\t\t<\/a>\n\t\t\t\t\t\t\t\t<\/div>\n\t\t\t\t<\/div>\n\t\t\t\t<\/div>\n\t\t\t\t\t<\/div>\n\t\t\t\t<\/div>\n\t\t\t\t<\/div>","protected":false},"excerpt":{"rendered":"<p>adw. Weronika Ho\u0142owczyc Za\u0142o\u017cycielka Kancelarii, Adwokat Adwokat, cz\u0142onkini Wielkopolskiej Izby Adwokackiej, od 2015 zajmuje si\u0119 sprawami rodzinnymi i rozwodowymi. Absolwentka Uniwersytetu im. Adama Mickiewicza w Poznaniu. Wiceprzewodnicz\u0105ca Komisji ds. Inicjatyw Spo\u0142ecznych i Edukacji Prawnej przy Okr\u0119gowej Radzie Adwokackiej w Poznaniu. W swojej pracy \u0142\u0105czy wiedz\u0119 prawnicz\u0105 z do\u015bwiadczeniem i indywidualnym podej\u015bciem do ka\u017cdej powierzonej sprawy. [&hellip;]<\/p>\n","protected":false},"author":2,"featured_media":1472,"parent":0,"menu_order":12,"comment_status":"closed","ping_status":"closed","template":"","meta":{"footnotes":""},"class_list":["post-1137","page","type-page","status-publish","has-post-thumbnail","hentry"],"yoast_head":"<!-- This site is optimized with the Yoast SEO plugin v27.4 - https:\/\/yoast.com\/product\/yoast-seo-wordpress\/ -->\n<title>Adwokat Weronika Ho\u0142owczyc &#8226; Poznaj nasz zesp\u00f3\u0142<\/title>\n<meta name=\"description\" content=\"Prowadzi sprawy rozwodowe i rodzinne, oferuj\u0105c rzeteln\u0105 pomoc prawn\u0105 oraz indywidualne podej\u015bcie do klienta.\" \/>\n<meta name=\"robots\" content=\"index, follow, max-snippet:-1, max-image-preview:large, max-video-preview:-1\" \/>\n<link rel=\"canonical\" href=\"https:\/\/adwokatholowczyc.pl\/en\/weronika-holowczyc\/\" \/>\n<meta property=\"og:locale\" content=\"en_US\" \/>\n<meta property=\"og:type\" content=\"article\" \/>\n<meta property=\"og:title\" content=\"Adwokat Weronika Ho\u0142owczyc &#8226; Poznaj nasz zesp\u00f3\u0142\" \/>\n<meta property=\"og:description\" content=\"Prowadzi sprawy rozwodowe i rodzinne, oferuj\u0105c rzeteln\u0105 pomoc prawn\u0105 oraz indywidualne podej\u015bcie do klienta.\" \/>\n<meta property=\"og:url\" content=\"https:\/\/adwokatholowczyc.pl\/en\/weronika-holowczyc\/\" \/>\n<meta property=\"og:site_name\" content=\"Kancelaria Weronika Ho\u0142owczyc\" \/>\n<meta property=\"article:publisher\" content=\"https:\/\/www.facebook.com\/TwojOsobistyAdwokat\" \/>\n<meta property=\"article:modified_time\" content=\"2026-02-21T15:44:36+00:00\" \/>\n<meta property=\"og:image\" content=\"https:\/\/adwokatholowczyc.pl\/wp-content\/uploads\/featured-image-05.webp\" \/>\n\t<meta property=\"og:image:width\" content=\"1200\" \/>\n\t<meta property=\"og:image:height\" content=\"628\" \/>\n\t<meta property=\"og:image:type\" content=\"image\/webp\" \/>\n<meta name=\"twitter:card\" content=\"summary_large_image\" \/>\n<meta name=\"twitter:label1\" content=\"Est. reading time\" \/>\n\t<meta name=\"twitter:data1\" content=\"1 minute\" \/>\n<script type=\"application\/ld+json\" class=\"yoast-schema-graph\">{\"@context\":\"https:\\\/\\\/schema.org\",\"@graph\":[{\"@type\":\"WebPage\",\"@id\":\"https:\\\/\\\/adwokatholowczyc.pl\\\/weronika-holowczyc\\\/\",\"url\":\"https:\\\/\\\/adwokatholowczyc.pl\\\/weronika-holowczyc\\\/\",\"name\":\"Adwokat Weronika Ho\u0142owczyc &#8226; Poznaj nasz zesp\u00f3\u0142\",\"isPartOf\":{\"@id\":\"https:\\\/\\\/adwokatholowczyc.pl\\\/#website\"},\"primaryImageOfPage\":{\"@id\":\"https:\\\/\\\/adwokatholowczyc.pl\\\/weronika-holowczyc\\\/#primaryimage\"},\"image\":{\"@id\":\"https:\\\/\\\/adwokatholowczyc.pl\\\/weronika-holowczyc\\\/#primaryimage\"},\"thumbnailUrl\":\"https:\\\/\\\/adwokatholowczyc.pl\\\/wp-content\\\/uploads\\\/featured-image-05.webp\",\"datePublished\":\"2026-02-04T23:06:00+00:00\",\"dateModified\":\"2026-02-21T15:44:36+00:00\",\"description\":\"Prowadzi sprawy rozwodowe i rodzinne, oferuj\u0105c rzeteln\u0105 pomoc prawn\u0105 oraz indywidualne podej\u015bcie do klienta.\",\"breadcrumb\":{\"@id\":\"https:\\\/\\\/adwokatholowczyc.pl\\\/weronika-holowczyc\\\/#breadcrumb\"},\"inLanguage\":\"en-US\",\"potentialAction\":[{\"@type\":\"ReadAction\",\"target\":[\"https:\\\/\\\/adwokatholowczyc.pl\\\/weronika-holowczyc\\\/\"]}]},{\"@type\":\"ImageObject\",\"inLanguage\":\"en-US\",\"@id\":\"https:\\\/\\\/adwokatholowczyc.pl\\\/weronika-holowczyc\\\/#primaryimage\",\"url\":\"https:\\\/\\\/adwokatholowczyc.pl\\\/wp-content\\\/uploads\\\/featured-image-05.webp\",\"contentUrl\":\"https:\\\/\\\/adwokatholowczyc.pl\\\/wp-content\\\/uploads\\\/featured-image-05.webp\",\"width\":1200,\"height\":628},{\"@type\":\"BreadcrumbList\",\"@id\":\"https:\\\/\\\/adwokatholowczyc.pl\\\/weronika-holowczyc\\\/#breadcrumb\",\"itemListElement\":[{\"@type\":\"ListItem\",\"position\":1,\"name\":\"Strona g\u0142\u00f3wna\",\"item\":\"https:\\\/\\\/adwokatholowczyc.pl\\\/\"},{\"@type\":\"ListItem\",\"position\":2,\"name\":\"Weronika Ho\u0142owczyc\"}]},{\"@type\":\"WebSite\",\"@id\":\"https:\\\/\\\/adwokatholowczyc.pl\\\/#website\",\"url\":\"https:\\\/\\\/adwokatholowczyc.pl\\\/\",\"name\":\"Kancelaria Weronika Ho\u0142owczyc\",\"description\":\"Kancelaria rozwodowa i prawa rodzinnego w Poznaniu\",\"publisher\":{\"@id\":\"https:\\\/\\\/adwokatholowczyc.pl\\\/#organization\"},\"alternateName\":\"Weronika Ho\u0142owczyc\",\"potentialAction\":[{\"@type\":\"SearchAction\",\"target\":{\"@type\":\"EntryPoint\",\"urlTemplate\":\"https:\\\/\\\/adwokatholowczyc.pl\\\/?s={search_term_string}\"},\"query-input\":{\"@type\":\"PropertyValueSpecification\",\"valueRequired\":true,\"valueName\":\"search_term_string\"}}],\"inLanguage\":\"en-US\"},{\"@type\":\"Organization\",\"@id\":\"https:\\\/\\\/adwokatholowczyc.pl\\\/#organization\",\"name\":\"Kancelaria Weronika Ho\u0142owczyc\",\"url\":\"https:\\\/\\\/adwokatholowczyc.pl\\\/\",\"logo\":{\"@type\":\"ImageObject\",\"inLanguage\":\"en-US\",\"@id\":\"https:\\\/\\\/adwokatholowczyc.pl\\\/#\\\/schema\\\/logo\\\/image\\\/\",\"url\":\"https:\\\/\\\/adwokatholowczyc.pl\\\/wp-content\\\/uploads\\\/035f5831705951b5e4213d47cc197773.svg\",\"contentUrl\":\"https:\\\/\\\/adwokatholowczyc.pl\\\/wp-content\\\/uploads\\\/035f5831705951b5e4213d47cc197773.svg\",\"width\":300,\"height\":41,\"caption\":\"Kancelaria Weronika Ho\u0142owczyc\"},\"image\":{\"@id\":\"https:\\\/\\\/adwokatholowczyc.pl\\\/#\\\/schema\\\/logo\\\/image\\\/\"},\"sameAs\":[\"https:\\\/\\\/www.facebook.com\\\/TwojOsobistyAdwokat\",\"https:\\\/\\\/www.linkedin.com\\\/in\\\/weronika-hoowczyc-550a9934a\\\/\",\"https:\\\/\\\/www.instagram.com\\\/kancelaria.rozwodowa\\\/\"]}]}<\/script>\n<!-- \/ Yoast SEO plugin. -->","yoast_head_json":{"title":"Adwokat Weronika Ho\u0142owczyc &#8226; Poznaj nasz zesp\u00f3\u0142","description":"Prowadzi sprawy rozwodowe i rodzinne, oferuj\u0105c rzeteln\u0105 pomoc prawn\u0105 oraz indywidualne podej\u015bcie do klienta.","robots":{"index":"index","follow":"follow","max-snippet":"max-snippet:-1","max-image-preview":"max-image-preview:large","max-video-preview":"max-video-preview:-1"},"canonical":"https:\/\/adwokatholowczyc.pl\/en\/weronika-holowczyc\/","og_locale":"en_US","og_type":"article","og_title":"Adwokat Weronika Ho\u0142owczyc &#8226; Poznaj nasz zesp\u00f3\u0142","og_description":"Prowadzi sprawy rozwodowe i rodzinne, oferuj\u0105c rzeteln\u0105 pomoc prawn\u0105 oraz indywidualne podej\u015bcie do klienta.","og_url":"https:\/\/adwokatholowczyc.pl\/en\/weronika-holowczyc\/","og_site_name":"Kancelaria Weronika Ho\u0142owczyc","article_publisher":"https:\/\/www.facebook.com\/TwojOsobistyAdwokat","article_modified_time":"2026-02-21T15:44:36+00:00","og_image":[{"width":1200,"height":628,"url":"https:\/\/adwokatholowczyc.pl\/wp-content\/uploads\/featured-image-05.webp","type":"image\/webp"}],"twitter_card":"summary_large_image","twitter_misc":{"Est. reading time":"1 minute"},"schema":{"@context":"https:\/\/schema.org","@graph":[{"@type":"WebPage","@id":"https:\/\/adwokatholowczyc.pl\/weronika-holowczyc\/","url":"https:\/\/adwokatholowczyc.pl\/weronika-holowczyc\/","name":"Adwokat Weronika Ho\u0142owczyc &#8226; Poznaj nasz zesp\u00f3\u0142","isPartOf":{"@id":"https:\/\/adwokatholowczyc.pl\/#website"},"primaryImageOfPage":{"@id":"https:\/\/adwokatholowczyc.pl\/weronika-holowczyc\/#primaryimage"},"image":{"@id":"https:\/\/adwokatholowczyc.pl\/weronika-holowczyc\/#primaryimage"},"thumbnailUrl":"https:\/\/adwokatholowczyc.pl\/wp-content\/uploads\/featured-image-05.webp","datePublished":"2026-02-04T23:06:00+00:00","dateModified":"2026-02-21T15:44:36+00:00","description":"Prowadzi sprawy rozwodowe i rodzinne, oferuj\u0105c rzeteln\u0105 pomoc prawn\u0105 oraz indywidualne podej\u015bcie do klienta.","breadcrumb":{"@id":"https:\/\/adwokatholowczyc.pl\/weronika-holowczyc\/#breadcrumb"},"inLanguage":"en-US","potentialAction":[{"@type":"ReadAction","target":["https:\/\/adwokatholowczyc.pl\/weronika-holowczyc\/"]}]},{"@type":"ImageObject","inLanguage":"en-US","@id":"https:\/\/adwokatholowczyc.pl\/weronika-holowczyc\/#primaryimage","url":"https:\/\/adwokatholowczyc.pl\/wp-content\/uploads\/featured-image-05.webp","contentUrl":"https:\/\/adwokatholowczyc.pl\/wp-content\/uploads\/featured-image-05.webp","width":1200,"height":628},{"@type":"BreadcrumbList","@id":"https:\/\/adwokatholowczyc.pl\/weronika-holowczyc\/#breadcrumb","itemListElement":[{"@type":"ListItem","position":1,"name":"Strona g\u0142\u00f3wna","item":"https:\/\/adwokatholowczyc.pl\/"},{"@type":"ListItem","position":2,"name":"Weronika Ho\u0142owczyc"}]},{"@type":"WebSite","@id":"https:\/\/adwokatholowczyc.pl\/#website","url":"https:\/\/adwokatholowczyc.pl\/","name":"Law Office of Veronica Holowczyc","description":"Divorce and family law office in Poznan","publisher":{"@id":"https:\/\/adwokatholowczyc.pl\/#organization"},"alternateName":"Weronika Ho\u0142owczyc","potentialAction":[{"@type":"SearchAction","target":{"@type":"EntryPoint","urlTemplate":"https:\/\/adwokatholowczyc.pl\/?s={search_term_string}"},"query-input":{"@type":"PropertyValueSpecification","valueRequired":true,"valueName":"search_term_string"}}],"inLanguage":"en-US"},{"@type":"Organization","@id":"https:\/\/adwokatholowczyc.pl\/#organization","name":"Law Office of Veronica Holowczyc","url":"https:\/\/adwokatholowczyc.pl\/","logo":{"@type":"ImageObject","inLanguage":"en-US","@id":"https:\/\/adwokatholowczyc.pl\/#\/schema\/logo\/image\/","url":"https:\/\/adwokatholowczyc.pl\/wp-content\/uploads\/035f5831705951b5e4213d47cc197773.svg","contentUrl":"https:\/\/adwokatholowczyc.pl\/wp-content\/uploads\/035f5831705951b5e4213d47cc197773.svg","width":300,"height":41,"caption":"Kancelaria Weronika Ho\u0142owczyc"},"image":{"@id":"https:\/\/adwokatholowczyc.pl\/#\/schema\/logo\/image\/"},"sameAs":["https:\/\/www.facebook.com\/TwojOsobistyAdwokat","https:\/\/www.linkedin.com\/in\/weronika-hoowczyc-550a9934a\/","https:\/\/www.instagram.com\/kancelaria.rozwodowa\/"]}]}},"_links":{"self":[{"href":"https:\/\/adwokatholowczyc.pl\/en\/wp-json\/wp\/v2\/pages\/1137","targetHints":{"allow":["GET"]}}],"collection":[{"href":"https:\/\/adwokatholowczyc.pl\/en\/wp-json\/wp\/v2\/pages"}],"about":[{"href":"https:\/\/adwokatholowczyc.pl\/en\/wp-json\/wp\/v2\/types\/page"}],"author":[{"embeddable":true,"href":"https:\/\/adwokatholowczyc.pl\/en\/wp-json\/wp\/v2\/users\/2"}],"replies":[{"embeddable":true,"href":"https:\/\/adwokatholowczyc.pl\/en\/wp-json\/wp\/v2\/comments?post=1137"}],"version-history":[{"count":43,"href":"https:\/\/adwokatholowczyc.pl\/en\/wp-json\/wp\/v2\/pages\/1137\/revisions"}],"predecessor-version":[{"id":1875,"href":"https:\/\/adwokatholowczyc.pl\/en\/wp-json\/wp\/v2\/pages\/1137\/revisions\/1875"}],"wp:featuredmedia":[{"embeddable":true,"href":"https:\/\/adwokatholowczyc.pl\/en\/wp-json\/wp\/v2\/media\/1472"}],"wp:attachment":[{"href":"https:\/\/adwokatholowczyc.pl\/en\/wp-json\/wp\/v2\/media?parent=1137"}],"curies":[{"name":"wp","href":"https:\/\/api.w.org\/{rel}","templated":true}]}}